{"id":14,"date":"2022-02-23T11:08:15","date_gmt":"2022-02-23T10:08:15","guid":{"rendered":"https:\/\/streit-kultur.mohrsiebeck.com\/?page_id=14"},"modified":"2024-05-24T16:09:21","modified_gmt":"2024-05-24T14:09:21","slug":"menuepunkt-3","status":"publish","type":"page","link":"https:\/\/streit-kultur.mohrsiebeck.com\/index.php\/ueber-uns\/menuepunkt-3\/","title":{"rendered":"Beirat"},"content":{"rendered":"\t<section class=\"hero-image bg-lightblue\">\n  \t\t<article>\n  \t\t\t\t<div class=\"col-2\">\n            \t\t<h2>Wissenschaftlicher Beirat<\/h2>\n  \t\t\t\t<\/div>\n  \t\t\t\t<div class=\"col-2\">\n\t\t\t\t\t\t\t\t<\/div>\n      <\/article>\n  \t<\/section>\n\n\n<section class=\"textblock \">\n\t<article class=\"\">\n\t\t<div>\n\t\t\t<p>Der <strong>Wissenschaftliche Beirat<\/strong> (Advisory Board) ber\u00e4t die Herausgebenden hinsichtlich der Zeitschrift in grunds\u00e4tzlichen Fragen und unterst\u00fctzt sie mit inhaltlichen Anregungen, Themen- und Autor:innenvorschl\u00e4gen. Zu diesem Zweck findet einmal im Jahr ein (Online-)Treffen mit dem Herausgebendenkreis und Redaktionsteam statt. Der international besetzte neunk\u00f6pfige Beirat setzt sich zusammen aus sieben Vertreterinnen und Vertretern unterschiedlicher Fachgebiete (Evangelische und R\u00f6misch-Katholische Theologie, Philosophie, Kultur-, Sozial- und Medienwissenschaften) und zweien aus dem Bereich Kirche und Journalismus.<\/p>\n<p>&nbsp;<\/p>\n\t\t<\/div>\n\t<\/article>\n<\/section>\n\n\n\n<p><\/p>\n\n\n<section class=\"textblock \">\n\t<article class=\"\">\n\t\t<div>\n\t\t\t<p>Wissenschaftlicher Beirat: <a href=\"https:\/\/www.faz.net\/redaktion\/reinhard-bingener-11104253.html\" target=\"_blank\" rel=\"noopener\">Reinhard Bingener<\/a> (Hannover), Prof. Dr. <a href=\"https:\/\/www.theologie.hu-berlin.de\/de\/professuren\/stellen\/religion\/team\/conrad\" target=\"_blank\" rel=\"noopener\">Ruth Conrad<\/a> (Berlin), Prof. Dr. <a href=\"https:\/\/se-ktf.univie.ac.at\/ueber-uns\/team\/alexander-filipovic\/\" target=\"_blank\" rel=\"noopener\">Alexander Filipovi\u0107<\/a> (Wien), Prof. Dr. Dr. h.c. <a href=\"https:\/\/helmer.northwestern.edu\/\" target=\"_blank\" rel=\"noopener\">Christine Helmer<\/a> (Evanston), Dr. <a href=\"https:\/\/helmer.northwestern.edu\/\" target=\"_blank\" rel=\"noopener\">Hendrik Munsonius<\/a> (G\u00f6ttingen), Prof. Dr. <a href=\"https:\/\/theologie.unibas.ch\/de\/personen\/georg-pfleiderer\/\" target=\"_blank\" rel=\"noopener\">Georg Pfleiderer<\/a> (Basel), Prof. Dr. <a href=\"https:\/\/www.uni-muenster.de\/PhilSem\/mitglieder\/quante\/quante.html\" target=\"_blank\" rel=\"noopener\">Michael Quante<\/a> (M\u00fcnster), Prof. Dr. <a href=\"https:\/\/www.uni-muenster.de\/FB2\/personen\/dogmatikunddogmengeschichte\/Seewald.html\" target=\"_blank\" rel=\"noopener\">Michael Seewald<\/a> (M\u00fcnster), Prof. Dr. <a href=\"https:\/\/www.ctr.lu.se\/en\/person\/JayneSvenungsson\/\" target=\"_blank\" rel=\"noopener\">Jayne Svenungsson<\/a> (Lund), Prof. Dr. <a href=\"https:\/\/www.utn.de\/person\/prof-dr-gyburg-uhlmann\/\" target=\"_blank\" rel=\"noopener\">Gyburg Uhlmann<\/a> (N\u00fcrnberg)<\/p>\n<p>Advisory Board: <a href=\"https:\/\/www.faz.net\/redaktion\/reinhard-bingener-11104253.html\" target=\"_blank\" rel=\"noopener\">Reinhard Bingener<\/a> (Hannover), Prof. Dr. <a href=\"https:\/\/www.theologie.hu-berlin.de\/de\/professuren\/stellen\/religion\/team\/conrad\" target=\"_blank\" rel=\"noopener\">Ruth Conrad<\/a> (Berlin), Prof. Dr. <a href=\"https:\/\/se-ktf.univie.ac.at\/ueber-uns\/team\/alexander-filipovic\/\" target=\"_blank\" rel=\"noopener\">Alexander Filipovi\u0107<\/a> (Wien), Prof. Dr. Dr. h.c. <a href=\"https:\/\/helmer.northwestern.edu\/\" target=\"_blank\" rel=\"noopener\">Christine Helmer<\/a> (Evanston), Dr. <a href=\"https:\/\/uni-goettingen.de\/de\/683409.html\" target=\"_blank\" rel=\"noopener\">Hendrik Munsonius<\/a> (G\u00f6ttingen), Prof. Dr. <a href=\"https:\/\/theologie.unibas.ch\/de\/personen\/georg-pfleiderer\/\" target=\"_blank\" rel=\"noopener\">Georg Pfleiderer<\/a> (Basel), Prof. Dr. <a href=\"https:\/\/www.uni-muenster.de\/PhilSem\/mitglieder\/quante\/quante.html\" target=\"_blank\" rel=\"noopener\">Michael Quante<\/a> (M\u00fcnster), Prof. Dr. <a href=\"https:\/\/www.uni-muenster.de\/FB2\/personen\/dogmatikunddogmengeschichte\/Seewald.html\" target=\"_blank\" rel=\"noopener\">Michael Seewald<\/a> (M\u00fcnster), Prof. Dr. <a href=\"https:\/\/www.ctr.lu.se\/en\/person\/JayneSvenungsson\/\" target=\"_blank\" rel=\"noopener\">Jayne Svenungsson<\/a> (Lund), Prof. Dr. <a href=\"https:\/\/www.utn.de\/person\/prof-dr-gyburg-uhlmann\/\" target=\"_blank\" rel=\"noopener\">Gyburg Uhlmann<\/a> (N\u00fcrnberg)<\/p>\n\t\t<\/div>\n\t<\/article>\n<\/section>\n\n\n<section class=\"textblock \">\n\t<article class=\"bg-lightblue\">\n\t\t<div>\n\t\t\t<p><strong>Biogramme des Wissenschaftlichen Beirates <\/strong><br \/>\nReinhard Bingener, Politischer Korrespondent in Hannover f\u00fcr die Frankfurter Allgemeine Zeitung.<br \/>\nProf. Dr. Ruth Conrad, Professorin f\u00fcr Praktische Theologie mit Schwerpunkt Homiletik, Liturgik und Kirchentheorie an der Humboldt Universit\u00e4t zu Berlin.<br \/>\nProf. Dr. Alexander Filipovi\u0107, Professor f\u00fcr Sozialethik an der Katholisch-Theologischen Fakult\u00e4t der Universit\u00e4t Wien.<br \/>\nProf. Dr. h.\u00a0c. Christine Helmer, PhD, Peter B. Ritzma Professor for Humanities, German und Religious Studies at Northwestern University in Evanston, Illinois.<br \/>\nPriv.-Doz. Dr. Hendrik Munsonius, Referent am Kirchenrechtlichen Institut der EKD und Lehrbeauftragter an der Georg-August-Universit\u00e4t G\u00f6ttingen.<br \/>\nProf. Dr. Georg Pfleiderer, Professor f\u00fcr Systematische Theologie\/Ethik an der Universit\u00e4t Basel.<br \/>\nProf. Dr. Michael Quante, Professor f\u00fcr Philosophie mit dem Schwerpunkt Praktische Philosophie an der Universit\u00e4t M\u00fcnster.<\/p>\n<p>Prof. Dr. Michael Seewald, Professor und Direktor des Seminars f\u00fcr Dogmatik und Dogmengeschichte an der Universit\u00e4t M\u00fcnster.<br \/>\nProf. Dr. Jayne Svenungsson, Professorin f\u00fcr Systematische Theologie an der Universit\u00e4t Lund.<br \/>\nProf. Dr. Gyburg Uhlmann, Professorin f\u00fcr Klassische Philologie und\u00a0Gr\u00fcndungs-Chair des Departments Liberal Arts and Sciences der Technischen Universit\u00e4t N\u00fcrnberg<\/p>\n<p>&nbsp;<\/p>\n<p><strong>Advisory Board Biographies<\/strong><br \/>\nReinhard Bingener is Political Correspondent for the Frankfurter Allgemeine Zeitung, based in Hanover.<br \/>\nProf. Dr. Ruth Conrad is Professor of Practical Theology Specialising in Homiletics, Liturgy, and Theory of the Church at the Humboldt University in Berlin.<br \/>\nProf. Dr. Alexander Filipovi\u0107 is Professor of Social Ethics at the Catholic Theology Faculty of the University of Vienna.<br \/>\nProf. Dr. h.\u00a0c. Christine Helmer, PhD, is Peter B. Ritzma Professor for Humanities, German, und Religious Studies at Northwestern University in Evanston, Illinois.<br \/>\nPriv.-Doz. Dr. Hendrik Munsonius is a consultant for the Evangelical Church in Germany\u2019s (EKD) Institute of Canon Law and a lecturer at the University of G\u00f6ttingen.<br \/>\nProf. Dr. Georg Pfleiderer is Professor of Systematic Theology and Ethics at Basel University.<br \/>\nProf. Dr. Michael Quante is Professor of Philosophy Specialising in Practical Philosophy at the University of M\u00fcnster.<\/p>\n<p>Prof. Dr. Michael Seewald is Professor and Director of the Seminary for Dogmatics und Doctrinal History at the University of M\u00fcnster.<br \/>\nProf. Dr. Jayne Svenungsson is Professor of Systematic Theology at the University of Lund.<br \/>\nProf. Dr. Gyburg Uhlmann is Professor of Classical Philology and\u00a0Founding Chair of the Department of Liberal Arts and Sciences at the University of Technology Nuremberg.<\/p>\n\t\t<\/div>\n\t<\/article>\n<\/section>\n","protected":false},"excerpt":{"rendered":"","protected":false},"author":2,"featured_media":0,"parent":2,"menu_order":3,"comment_status":"closed","ping_status":"closed","template":"","meta":{"_acf_changed":false,"footnotes":""},"class_list":["post-14","page","type-page","status-publish","hentry"],"acf":[],"_links":{"self":[{"href":"https:\/\/streit-kultur.mohrsiebeck.com\/index.php\/wp-json\/wp\/v2\/pages\/14","targetHints":{"allow":["GET"]}}],"collection":[{"href":"https:\/\/streit-kultur.mohrsiebeck.com\/index.php\/wp-json\/wp\/v2\/pages"}],"about":[{"href":"https:\/\/streit-kultur.mohrsiebeck.com\/index.php\/wp-json\/wp\/v2\/types\/page"}],"author":[{"embeddable":true,"href":"https:\/\/streit-kultur.mohrsiebeck.com\/index.php\/wp-json\/wp\/v2\/users\/2"}],"replies":[{"embeddable":true,"href":"https:\/\/streit-kultur.mohrsiebeck.com\/index.php\/wp-json\/wp\/v2\/comments?post=14"}],"version-history":[{"count":40,"href":"https:\/\/streit-kultur.mohrsiebeck.com\/index.php\/wp-json\/wp\/v2\/pages\/14\/revisions"}],"predecessor-version":[{"id":823,"href":"https:\/\/streit-kultur.mohrsiebeck.com\/index.php\/wp-json\/wp\/v2\/pages\/14\/revisions\/823"}],"up":[{"embeddable":true,"href":"https:\/\/streit-kultur.mohrsiebeck.com\/index.php\/wp-json\/wp\/v2\/pages\/2"}],"wp:attachment":[{"href":"https:\/\/streit-kultur.mohrsiebeck.com\/index.php\/wp-json\/wp\/v2\/media?parent=14"}],"curies":[{"name":"wp","href":"https:\/\/api.w.org\/{rel}","templated":true}]}}