{"id":30,"date":"2022-02-23T16:18:08","date_gmt":"2022-02-23T15:18:08","guid":{"rendered":"https:\/\/streit-kultur.mohrsiebeck.com\/?page_id=30"},"modified":"2025-05-09T08:39:20","modified_gmt":"2025-05-09T06:39:20","slug":"startseite","status":"publish","type":"page","link":"https:\/\/streit-kultur.mohrsiebeck.com\/","title":{"rendered":"Home"},"content":{"rendered":"\n<section class=\"blockquote \">\n\t\t\t\t<article>\n\t\t\t\t\t<div class=\"text-block\">\n\t\t\t\t\t\t<p>Hrsg. v. Philipp David (Gie\u00dfen), Anne K\u00e4fer (M\u00fcnster), Malte Dominik Kr\u00fcger (Marburg), Andr\u00e9 Munzinger (Kiel), Christian Polke (\u2020)<\/p>\n\t\t\t\t\t<\/div>\n\t\t\t\t  <\/article>\n            <\/section>\n\n\n<section class=\"img-text-col-2\">\n<article>\n\t<div class=\"col-wrap right right-small padding\">\n\t\t<div class=\"col-2 \">\n            <img loading=\"lazy\" decoding=\"async\" width=\"410\" height=\"597\" src=\"https:\/\/streit-kultur.mohrsiebeck.com\/wp-content\/uploads\/2025\/05\/streitkultur-2025-klein.png\" class=\"attachment-full size-full\" alt=\"\" srcset=\"https:\/\/streit-kultur.mohrsiebeck.com\/wp-content\/uploads\/2025\/05\/streitkultur-2025-klein.png 410w, https:\/\/streit-kultur.mohrsiebeck.com\/wp-content\/uploads\/2025\/05\/streitkultur-2025-klein-309x450.png 309w\" sizes=\"auto, (max-width: 410px) 100vw, 410px\" \/>\t\t\t\t<div class=\"caption-wrap\">\n            <div class=\"caption\">Inspiration. Religi\u00f6se Bildung im gesellschaftlichen Umbruch<\/div>\n                      <\/div>\n\t\t        <\/div>\n        <div class=\"col-2\">\n            <div class=\"text\">\n              <p>Die F\u00e4higkeit zum kritischen Denken ist n\u00f6tiger denn je. Diskurse verlaufen in Blasen, eine Kultur des respektvollen Streitens fehlt, auch in Sachen Religion und Theologie.\u00a0Die theologische Zeitschrift\u00a0<em>Streit-<\/em>Kultur verfolgt das Ziel, Interessierten in Gesellschaft und Kirche, in Schule und Universit\u00e4t den Zugang zu Problemlagen und Stimmen in aktuellen gesellschaftlichen und theologischen Debatten zu er\u00f6ffnen.<\/p>\n<p>Das j\u00e4hrlich erscheinende Journal widmet sich je einer theologischen Fragestellung aus unterschiedlichen Blickwinkeln, darunter kontroverse Leitartikel, Kurzkommentare, Interviews und Buchbesprechungen. Die Herausgeberin und die Herausgeber achten bei ihrer Auswahl von Expert:innen auf Qualit\u00e4t und Diversit\u00e4t.\u00a0Ein wissenschaftlicher Beirat ber\u00e4t die Journal-Redaktion, gibt thematische Anregungen und schl\u00e4gt Autorinnen und Autoren vor.<\/p>\n<p>&nbsp;<\/p>\n<p>The ability to think critically is more necessary than ever. As discourses take place in bubbles, a culture of respectful argumentation is lacking, not least when it comes to matters of religion and theology. The theological journal <em>Streit<\/em>-Kultur provides access to issues and voices in topical social and theological debates to those interested in society and the church, in schools and universities.<\/p>\n<p>Each annual journal is dedicated to debating one theological issue from a variety of perspectives, and includes controversial editorials, short commentaries, interviews, and book reviews. Attention to quality and diversity is paid by the editors when selecting expert contributors. An advisory board advises the journal editors, provides thematic suggestions, and proposes authors.<\/p>\n            <\/div>\n\t\t\t\t\t\t<div class=\"btn-basket bg-blue\">\n\t\t\t\t<a href=\"https:\/\/www.mohrsiebeck.com\/zeitschriften\/bestellformular\/?zeitschrift=Streit-Kultur+%28StK%29&#038;issn=2940-9535\" target=\"_blank\" rel=\"noopener\">Gedruckte Ausgabe bestellen\t\t\t\t\t<svg viewBox=\"0 0 30 28\" version=\"1.1\" xmlns=\"http:\/\/www.w3.org\/2000\/svg\" xmlns:xlink=\"http:\/\/www.w3.org\/1999\/xlink\">\n    <g id=\"icon-warenkorb\" stroke=\"none\" stroke-width=\"1\" fill=\"none\" fill-rule=\"evenodd\">\n        <g id=\"warenkorb\" fill=\"#FFFFFF\">\n            <g id=\"WK_Symbol\" transform=\"translate(0.000000, 1.000000)\">\n                <g id=\"Ebene_2\">\n                    <path d=\"M25.699,18.446 L9.29,18.446 C9.017,18.446 8.782,18.251 8.732,17.981 L5.955,2.919 L1.187,1.141 C0.893,1.031 0.744,0.705 0.854,0.411 C0.963,0.118 1.29,-0.031 1.583,0.078 L6.652,1.969 C6.839,2.039 6.975,2.201 7.011,2.397 L9.761,17.312 L25.265,17.312 L28.236,6.417 L11.093,6.417 C10.78,6.417 10.526,6.163 10.526,5.85 C10.526,5.537 10.78,5.283 11.093,5.283 L28.979,5.283 C29.156,5.283 29.323,5.366 29.429,5.506 C29.536,5.647 29.573,5.829 29.526,5.999 L26.246,18.028 C26.179,18.274 25.955,18.446 25.699,18.446 Z\" id=\"Path\"><\/path>\n                    <path d=\"M13.149,26.841 C11.203,26.841 9.62,25.257 9.62,23.311 C9.62,21.366 11.203,19.783 13.149,19.783 C15.095,19.783 16.679,21.366 16.679,23.311 C16.679,25.257 15.095,26.841 13.149,26.841 Z M13.149,20.917 C11.828,20.917 10.753,21.99 10.753,23.311 C10.753,24.632 11.828,25.707 13.149,25.707 C14.47,25.707 15.545,24.633 15.545,23.311 C15.544,21.99 14.47,20.917 13.149,20.917 Z\" id=\"Shape\" fill-rule=\"nonzero\"><\/path>\n                    <path d=\"M22.387,26.841 C20.441,26.841 18.858,25.257 18.858,23.311 C18.858,21.366 20.441,19.783 22.387,19.783 C24.332,19.783 25.915,21.366 25.915,23.311 C25.915,25.257 24.332,26.841 22.387,26.841 Z M22.387,20.917 C21.067,20.917 19.992,21.99 19.992,23.311 C19.992,24.632 21.066,25.707 22.387,25.707 C23.708,25.707 24.781,24.633 24.781,23.311 C24.78,21.99 23.707,20.917 22.387,20.917 Z\" id=\"Shape\" fill-rule=\"nonzero\"><\/path>\n                <\/g>\n            <\/g>\n        <\/g>\n    <\/g>\n<\/svg><\/a> \n\t\t\t<\/div>\n\t\t\t        <\/div>\n    <\/div>\n  <\/article>\n<\/section>\n\n\n<section class=\"textblock \">\n\t<article class=\"bg-lightblue\">\n\t\t<div>\n\t\t\t<p>Redaktionskontakt:<\/p>\n<p>Robert Martin Jockel<\/p>\n<p>Justus-Liebig-Universit\u00e4t Gie\u00dfen<\/p>\n<p>Fachbereich 04 Geschichts- und Kulturwissenschaften<\/p>\n<p>Institut f\u00fcr Evangelische Theologie<\/p>\n<p>Karl-Gl\u00f6ckner-Str. 21 Haus H<\/p>\n<p>D-35394 Gie\u00dfen<\/p>\n<p><a href=\"Martin.Jockel@evtheologie.uni-giessen.de\">Mail<\/a><\/p>\n\t\t<\/div>\n\t<\/article>\n<\/section>\n","protected":false},"excerpt":{"rendered":"","protected":false},"author":2,"featured_media":0,"parent":0,"menu_order":0,"comment_status":"closed","ping_status":"closed","template":"start.php","meta":{"_acf_changed":false,"footnotes":""},"class_list":["post-30","page","type-page","status-publish","hentry"],"acf":[],"_links":{"self":[{"href":"https:\/\/streit-kultur.mohrsiebeck.com\/index.php\/wp-json\/wp\/v2\/pages\/30","targetHints":{"allow":["GET"]}}],"collection":[{"href":"https:\/\/streit-kultur.mohrsiebeck.com\/index.php\/wp-json\/wp\/v2\/pages"}],"about":[{"href":"https:\/\/streit-kultur.mohrsiebeck.com\/index.php\/wp-json\/wp\/v2\/types\/page"}],"author":[{"embeddable":true,"href":"https:\/\/streit-kultur.mohrsiebeck.com\/index.php\/wp-json\/wp\/v2\/users\/2"}],"replies":[{"embeddable":true,"href":"https:\/\/streit-kultur.mohrsiebeck.com\/index.php\/wp-json\/wp\/v2\/comments?post=30"}],"version-history":[{"count":121,"href":"https:\/\/streit-kultur.mohrsiebeck.com\/index.php\/wp-json\/wp\/v2\/pages\/30\/revisions"}],"predecessor-version":[{"id":1085,"href":"https:\/\/streit-kultur.mohrsiebeck.com\/index.php\/wp-json\/wp\/v2\/pages\/30\/revisions\/1085"}],"wp:attachment":[{"href":"https:\/\/streit-kultur.mohrsiebeck.com\/index.php\/wp-json\/wp\/v2\/media?parent=30"}],"curies":[{"name":"wp","href":"https:\/\/api.w.org\/{rel}","templated":true}]}}