{"id":553,"date":"2022-03-29T16:17:10","date_gmt":"2022-03-29T14:17:10","guid":{"rendered":"https:\/\/streit-kultur.mohrsiebeck.com\/index.php\/home\/menuepunkt-4-copy\/"},"modified":"2024-05-18T13:12:58","modified_gmt":"2024-05-18T11:12:58","slug":"menuepunkt-2","status":"publish","type":"page","link":"https:\/\/streit-kultur.mohrsiebeck.com\/index.php\/ueber-uns\/menuepunkt-2\/","title":{"rendered":"Herausgeberin und Herausgeber"},"content":{"rendered":"\t<section class=\"hero-image bg-lightblue\">\n  \t\t<article>\n  \t\t\t\t<div class=\"col-2\">\n            \t\t<h2>Herausgeberin und Herausgeber<\/h2>\n  \t\t\t\t<\/div>\n  \t\t\t\t<div class=\"col-2\">\n\t\t\t\t\t\t\t\t<\/div>\n      <\/article>\n  \t<\/section>\n\n\n<section class=\"textblock \">\n\t<article class=\"\">\n\t\t<div>\n\t\t\t<p><em>Streit<\/em>-Kultur wird herausgegeben von Prof. Dr. <a href=\"https:\/\/www.uni-giessen.de\/de\/fbz\/fb04\/institute\/evtheo\/system-theo\/personen\/david-philipp\" target=\"_blank\" rel=\"noopener\">Philipp David<\/a> (Gie\u00dfen), Prof. Dr. <a href=\"https:\/\/www.uni-muenster.de\/EvTheol\/personen\/kaefer.html\" target=\"_blank\" rel=\"noopener\">Anne K\u00e4fer<\/a> (M\u00fcnster), Prof. Dr. <a href=\"https:\/\/www.uni-marburg.de\/de\/fb05\/fachgebiete\/fachgebiete\/systematische-theologie\/personal\/prof-dr-krueger-1\" target=\"_blank\" rel=\"noopener\">Malte Dominik Kr\u00fcger<\/a> (Marburg), Prof. Dr. <a href=\"https:\/\/www.uni-kiel.de\/de\/person\/munzinger-andre-49763\" target=\"_blank\" rel=\"noopener\">Andr\u00e9 Munzinger<\/a> (Kiel), Prof. Dr. <a href=\"https:\/\/www.uni-goettingen.de\/de\/nachruf+auf+professor+dr.+christian+polke\/65035.html\" target=\"_blank\" rel=\"noopener\">Christian Polke<\/a> (\u2020) (G\u00f6ttingen)<\/p>\n<p>** <em>Streit<\/em>-Kultur edited by Philipp David, Anne K\u00e4fer, Malte Dominik Kr\u00fcger, Andr\u00e9 Munzinger, Christian Polke (\u2020)<\/p>\n<p>&nbsp;<\/p>\n\t\t<\/div>\n\t<\/article>\n<\/section>\n\n\n<section class=\"textblock \">\n\t<article class=\"bg-lightblue\">\n\t\t<div>\n\t\t\t<p><strong>Biogramme\/Biographies<\/strong><\/p>\n<p>Philipp David ist Professor f\u00fcr Systematische Theologie\/Ethik am Institut f\u00fcr Evangelische Theologie der Justus-Liebig-Universit\u00e4t Gie\u00dfen.<br \/>\n<a href=\"mailto:philipp.david@evtheologie.uni-giessen.de\">philipp.david@evtheologie.uni-giessen.de<\/a><\/p>\n<p>**Philipp David is Professor of Systematic Theology\/Ethics at the University of Gie\u00dfen\u2019s Institute of Protestant Theology.<\/p>\n<p><a href=\"mailto:philipp.david@evtheologie.uni-giessen.de\">philipp.david@evtheologie.uni-giessen.de<\/a><\/p>\n<p>&nbsp;<\/p>\n<p>Anne K\u00e4fer ist Professorin f\u00fcr Systematische Theologie und Direktorin des Seminars f\u00fcr Reformierte Theologie an der Evangelisch-Theologischen Fakult\u00e4t der Universit\u00e4t M\u00fcnster.<br \/>\n<a href=\"mailto:kaefer@uni-muenster.de\">kaefer@uni-muenster.de<\/a><\/p>\n<p>**Anne K\u00e4fer is Professor of Systematic Theology and Director of the Reformed Theology Seminary at the University of M\u00fcnster\u2019s Faculty of Protestant Theology.<\/p>\n<p><a href=\"mailto:kaefer@uni-muenster.de\">kaefer@uni-muenster.de<\/a><\/p>\n<p>&nbsp;<\/p>\n<p>Malte Dominik Kr\u00fcger ist Professor f\u00fcr Systematische Theologie und Religionsphilosophie und Direktor des Rudolf-Bultmann-Instituts f\u00fcr Hermeneutik am Fachbereich Evangelische Theologie der Philipps-Universit\u00e4t Marburg.<br \/>\n<a href=\"mailto:malte.krueger@staff.uni-marburg.de\">malte.krueger@staff.uni-marburg.de<\/a><\/p>\n<p>**Malte Dominik Kr\u00fcger is Professor of Systematic Theology and Philosophy of Religion and Director of the Rudolf Bultmann Institute for Hermeneutics at Marburg University\u2019s Department of Theology.<\/p>\n<p><a href=\"mailto:malte.krueger@staff.uni-marburg.de\">malte.krueger@staff.uni-marburg.de<\/a><\/p>\n<p>&nbsp;<\/p>\n<p>Andr\u00e9 Munzinger ist Professor f\u00fcr Systematische Theologie mit Schwerpunkt Ethik und Leiter der Schleiermacher-Forschungsstelle an der Theologischen Fakult\u00e4t der Christian-Albrechts-Universit\u00e4t zu Kiel.<br \/>\n<a href=\"mailto:andre.munzinger@email.uni-kiel.de\">andre.munzinger@email.uni-kiel.de<\/a><\/p>\n<p>**Andr\u00e9 Munzinger is Professor of Systematic Theology Specialising in Ethics and Director of the Schleiermacher Research Centre at Kiel University\u2019s Theological Faculty.<\/p>\n<p><a href=\"mailto:andre.munzinger@email.uni-kiel.de\">andre.munzinger@email.uni-kiel.de<\/a><\/p>\n<p>&nbsp;<\/p>\n<p>Christian Polke (\u2020) war Professor f\u00fcr Ethik im Rahmen der Systematischen Theologie an der Theologischen Fakult\u00e4t der Georg-August-Universit\u00e4t G\u00f6ttingen.<\/p>\n<p>**Christian Polke (\u2020) was Professor for Ethics within Systematic Theology at G\u00f6ttingen University\u2019s Faculty for Theology.<\/p>\n\t\t<\/div>\n\t<\/article>\n<\/section>\n","protected":false},"excerpt":{"rendered":"","protected":false},"author":2,"featured_media":0,"parent":2,"menu_order":2,"comment_status":"closed","ping_status":"closed","template":"","meta":{"_acf_changed":false,"footnotes":""},"class_list":["post-553","page","type-page","status-publish","hentry"],"acf":[],"_links":{"self":[{"href":"https:\/\/streit-kultur.mohrsiebeck.com\/index.php\/wp-json\/wp\/v2\/pages\/553","targetHints":{"allow":["GET"]}}],"collection":[{"href":"https:\/\/streit-kultur.mohrsiebeck.com\/index.php\/wp-json\/wp\/v2\/pages"}],"about":[{"href":"https:\/\/streit-kultur.mohrsiebeck.com\/index.php\/wp-json\/wp\/v2\/types\/page"}],"author":[{"embeddable":true,"href":"https:\/\/streit-kultur.mohrsiebeck.com\/index.php\/wp-json\/wp\/v2\/users\/2"}],"replies":[{"embeddable":true,"href":"https:\/\/streit-kultur.mohrsiebeck.com\/index.php\/wp-json\/wp\/v2\/comments?post=553"}],"version-history":[{"count":11,"href":"https:\/\/streit-kultur.mohrsiebeck.com\/index.php\/wp-json\/wp\/v2\/pages\/553\/revisions"}],"predecessor-version":[{"id":810,"href":"https:\/\/streit-kultur.mohrsiebeck.com\/index.php\/wp-json\/wp\/v2\/pages\/553\/revisions\/810"}],"up":[{"embeddable":true,"href":"https:\/\/streit-kultur.mohrsiebeck.com\/index.php\/wp-json\/wp\/v2\/pages\/2"}],"wp:attachment":[{"href":"https:\/\/streit-kultur.mohrsiebeck.com\/index.php\/wp-json\/wp\/v2\/media?parent=553"}],"curies":[{"name":"wp","href":"https:\/\/api.w.org\/{rel}","templated":true}]}}